{"id":2,"date":"2023-01-01T20:24:33","date_gmt":"2023-01-01T19:24:33","guid":{"rendered":"http:\/\/www.doppelte-dhh.de\/wordpress\/?page_id=2"},"modified":"2023-01-23T14:18:36","modified_gmt":"2023-01-23T13:18:36","slug":"doppelte-ferienhaushaelften","status":"publish","type":"page","link":"https:\/\/www.doppelte-dhh.de\/wordpress\/","title":{"rendered":"doppelte Ferienhaush\u00e4lften"},"content":{"rendered":"\n<p><\/p>\n\n\n\n<p><\/p>\n\n\n\n<p><\/p>\n\n\n\n<blockquote class=\"wp-block-quote is-layout-flow wp-block-quote-is-layout-flow\">\n<p>\u2026<\/p>\n\n\n\n<div id=\"wp-block-themeisle-blocks-button-group-6962130d\" class=\"wp-block-themeisle-blocks-button-group wp-block-buttons\">\n<div id=\"wp-block-themeisle-blocks-button-71c2fda8\" class=\"wp-block-themeisle-blocks-button wp-block-button\"><a target=\"_self\" rel=\"noopener noreferrer\" class=\"wp-block-button__link\"><span><\/span><\/a><\/div>\n<\/div>\n<\/blockquote>\n\n\n\n<p>Zu uns<\/p>\n\n\n\n<blockquote class=\"wp-block-quote is-layout-flow wp-block-quote-is-layout-flow\">\n<p>Das Unternehmen XYZ wurde 1971 gegr\u00fcndet und versorgt die \u00d6ffentlichkeit seither mit qualitativ hochwertigen Produkten. An seinem Standort in einer kleinen Gro\u00dfstadt besch\u00e4ftigt der Betrieb \u00fcber 2.000 Menschen und unterst\u00fctzt die Stadtbewohner in vielfacher Hinsicht.<\/p>\n<\/blockquote>\n\n\n\n<p>Als neuer WordPress-Benutzer solltest du <a href=\"http:\/\/www.doppelte-dhh.de\/wordpress\/wp-admin\/\">dein Dashboard<\/a> aufrufen, um diese Seite zu l\u00f6schen und neue Seiten und Beitr\u00e4ge f\u00fcr deine Website erstellen. Viel Spa\u00df!<\/p>\n","protected":false},"excerpt":{"rendered":"<p>Zu uns Das Unternehmen XYZ wurde 1971 gegr\u00fcndet und versorgt die \u00d6ffentlichkeit seither mit qualitativ hochwertigen Produkten. An seinem Standort in einer kleinen Gro\u00dfstadt besch\u00e4ftigt der Betrieb \u00fcber 2.000 Menschen und unterst\u00fctzt die Stadtbewohner in vielfacher Hinsicht. Als neuer WordPress-Benutzer solltest du dein Dashboard aufrufen, um diese Seite zu l\u00f6schen und neue Seiten und Beitr\u00e4ge [&hellip;]<\/p>\n","protected":false},"author":1,"featured_media":0,"parent":0,"menu_order":0,"comment_status":"closed","ping_status":"closed","template":"","meta":{"advgb_blocks_editor_width":"","advgb_blocks_columns_visual_guide":"","_coblocks_attr":"","_coblocks_dimensions":"","_coblocks_responsive_height":"","_coblocks_accordion_ie_support":"","_uag_custom_page_level_css":"","_themeisle_gutenberg_block_has_review":false,"footnotes":""},"class_list":["post-2","page","type-page","status-publish","hentry"],"yoast_head":"<!-- This site is optimized with the Yoast SEO plugin v19.13 - https:\/\/yoast.com\/wordpress\/plugins\/seo\/ -->\n<title>doppelte Ferienhaush\u00e4lften &mdash; Doppelte Doppelhaush\u00e4lfte<\/title>\n<meta name=\"robots\" content=\"index, follow, max-snippet:-1, max-image-preview:large, max-video-preview:-1\" \/>\n<link rel=\"canonical\" href=\"https:\/\/www.doppelte-dhh.de\/wordpress\/\" \/>\n<meta property=\"og:locale\" content=\"de_DE\" \/>\n<meta property=\"og:type\" content=\"article\" \/>\n<meta property=\"og:title\" content=\"doppelte Ferienhaush\u00e4lften &mdash; Doppelte Doppelhaush\u00e4lfte\" \/>\n<meta property=\"og:description\" content=\"Zu uns Das Unternehmen XYZ wurde 1971 gegr\u00fcndet und versorgt die \u00d6ffentlichkeit seither mit qualitativ hochwertigen Produkten. An seinem Standort in einer kleinen Gro\u00dfstadt besch\u00e4ftigt der Betrieb \u00fcber 2.000 Menschen und unterst\u00fctzt die Stadtbewohner in vielfacher Hinsicht. Als neuer WordPress-Benutzer solltest du dein Dashboard aufrufen, um diese Seite zu l\u00f6schen und neue Seiten und Beitr\u00e4ge [&hellip;]\" \/>\n<meta property=\"og:url\" content=\"https:\/\/www.doppelte-dhh.de\/wordpress\/\" \/>\n<meta property=\"og:site_name\" content=\"Doppelte Doppelhaush\u00e4lfte\" \/>\n<meta property=\"article:publisher\" content=\"https:\/\/www.facebook.com\/DoppelteDHH\/\" \/>\n<meta property=\"article:modified_time\" content=\"2023-01-23T13:18:36+00:00\" \/>\n<meta name=\"twitter:card\" content=\"summary_large_image\" \/>\n<script type=\"application\/ld+json\" class=\"yoast-schema-graph\">{\"@context\":\"https:\/\/schema.org\",\"@graph\":[{\"@type\":\"WebPage\",\"@id\":\"https:\/\/www.doppelte-dhh.de\/wordpress\/\",\"url\":\"https:\/\/www.doppelte-dhh.de\/wordpress\/\",\"name\":\"doppelte Ferienhaush\u00e4lften &mdash; Doppelte Doppelhaush\u00e4lfte\",\"isPartOf\":{\"@id\":\"https:\/\/www.doppelte-dhh.de\/wordpress\/#website\"},\"datePublished\":\"2023-01-01T19:24:33+00:00\",\"dateModified\":\"2023-01-23T13:18:36+00:00\",\"breadcrumb\":{\"@id\":\"https:\/\/www.doppelte-dhh.de\/wordpress\/#breadcrumb\"},\"inLanguage\":\"de\",\"potentialAction\":[{\"@type\":\"ReadAction\",\"target\":[\"https:\/\/www.doppelte-dhh.de\/wordpress\/\"]}]},{\"@type\":\"BreadcrumbList\",\"@id\":\"https:\/\/www.doppelte-dhh.de\/wordpress\/#breadcrumb\",\"itemListElement\":[{\"@type\":\"ListItem\",\"position\":1,\"name\":\"Startseite\",\"item\":\"https:\/\/www.doppelte-dhh.de\/wordpress\/\"},{\"@type\":\"ListItem\",\"position\":2,\"name\":\"doppelte Ferienhaush\u00e4lften\"}]},{\"@type\":\"WebSite\",\"@id\":\"https:\/\/www.doppelte-dhh.de\/wordpress\/#website\",\"url\":\"https:\/\/www.doppelte-dhh.de\/wordpress\/\",\"name\":\"Doppelte Doppelhaush\u00e4lfte\",\"description\":\"Ferienwohnung\",\"publisher\":{\"@id\":\"https:\/\/www.doppelte-dhh.de\/wordpress\/#organization\"},\"alternateName\":\"Doppelte Ferienhaush\u00e4lfte\",\"potentialAction\":[{\"@type\":\"SearchAction\",\"target\":{\"@type\":\"EntryPoint\",\"urlTemplate\":\"https:\/\/www.doppelte-dhh.de\/wordpress\/?s={search_term_string}\"},\"query-input\":\"required name=search_term_string\"}],\"inLanguage\":\"de\"},{\"@type\":\"Organization\",\"@id\":\"https:\/\/www.doppelte-dhh.de\/wordpress\/#organization\",\"name\":\"Doppelte Doppelhaush\u00e4lfte\",\"url\":\"https:\/\/www.doppelte-dhh.de\/wordpress\/\",\"logo\":{\"@type\":\"ImageObject\",\"inLanguage\":\"de\",\"@id\":\"https:\/\/www.doppelte-dhh.de\/wordpress\/#\/schema\/logo\/image\/\",\"url\":\"https:\/\/www.doppelte-dhh.de\/wordpress\/wp-content\/uploads\/2023\/01\/Element-2.svg\",\"contentUrl\":\"https:\/\/www.doppelte-dhh.de\/wordpress\/wp-content\/uploads\/2023\/01\/Element-2.svg\",\"caption\":\"Doppelte Doppelhaush\u00e4lfte\"},\"image\":{\"@id\":\"https:\/\/www.doppelte-dhh.de\/wordpress\/#\/schema\/logo\/image\/\"},\"sameAs\":[\"https:\/\/www.instagram.com\/doppeltedhh\/\",\"https:\/\/www.facebook.com\/DoppelteDHH\/\"]}]}<\/script>\n<!-- \/ Yoast SEO plugin. -->","yoast_head_json":{"title":"doppelte Ferienhaush\u00e4lften &mdash; Doppelte Doppelhaush\u00e4lfte","robots":{"index":"index","follow":"follow","max-snippet":"max-snippet:-1","max-image-preview":"max-image-preview:large","max-video-preview":"max-video-preview:-1"},"canonical":"https:\/\/www.doppelte-dhh.de\/wordpress\/","og_locale":"de_DE","og_type":"article","og_title":"doppelte Ferienhaush\u00e4lften &mdash; Doppelte Doppelhaush\u00e4lfte","og_description":"Zu uns Das Unternehmen XYZ wurde 1971 gegr\u00fcndet und versorgt die \u00d6ffentlichkeit seither mit qualitativ hochwertigen Produkten. An seinem Standort in einer kleinen Gro\u00dfstadt besch\u00e4ftigt der Betrieb \u00fcber 2.000 Menschen und unterst\u00fctzt die Stadtbewohner in vielfacher Hinsicht. Als neuer WordPress-Benutzer solltest du dein Dashboard aufrufen, um diese Seite zu l\u00f6schen und neue Seiten und Beitr\u00e4ge [&hellip;]","og_url":"https:\/\/www.doppelte-dhh.de\/wordpress\/","og_site_name":"Doppelte Doppelhaush\u00e4lfte","article_publisher":"https:\/\/www.facebook.com\/DoppelteDHH\/","article_modified_time":"2023-01-23T13:18:36+00:00","twitter_card":"summary_large_image","schema":{"@context":"https:\/\/schema.org","@graph":[{"@type":"WebPage","@id":"https:\/\/www.doppelte-dhh.de\/wordpress\/","url":"https:\/\/www.doppelte-dhh.de\/wordpress\/","name":"doppelte Ferienhaush\u00e4lften &mdash; Doppelte Doppelhaush\u00e4lfte","isPartOf":{"@id":"https:\/\/www.doppelte-dhh.de\/wordpress\/#website"},"datePublished":"2023-01-01T19:24:33+00:00","dateModified":"2023-01-23T13:18:36+00:00","breadcrumb":{"@id":"https:\/\/www.doppelte-dhh.de\/wordpress\/#breadcrumb"},"inLanguage":"de","potentialAction":[{"@type":"ReadAction","target":["https:\/\/www.doppelte-dhh.de\/wordpress\/"]}]},{"@type":"BreadcrumbList","@id":"https:\/\/www.doppelte-dhh.de\/wordpress\/#breadcrumb","itemListElement":[{"@type":"ListItem","position":1,"name":"Startseite","item":"https:\/\/www.doppelte-dhh.de\/wordpress\/"},{"@type":"ListItem","position":2,"name":"doppelte Ferienhaush\u00e4lften"}]},{"@type":"WebSite","@id":"https:\/\/www.doppelte-dhh.de\/wordpress\/#website","url":"https:\/\/www.doppelte-dhh.de\/wordpress\/","name":"Doppelte Doppelhaush\u00e4lfte","description":"Ferienwohnung","publisher":{"@id":"https:\/\/www.doppelte-dhh.de\/wordpress\/#organization"},"alternateName":"Doppelte Ferienhaush\u00e4lfte","potentialAction":[{"@type":"SearchAction","target":{"@type":"EntryPoint","urlTemplate":"https:\/\/www.doppelte-dhh.de\/wordpress\/?s={search_term_string}"},"query-input":"required name=search_term_string"}],"inLanguage":"de"},{"@type":"Organization","@id":"https:\/\/www.doppelte-dhh.de\/wordpress\/#organization","name":"Doppelte Doppelhaush\u00e4lfte","url":"https:\/\/www.doppelte-dhh.de\/wordpress\/","logo":{"@type":"ImageObject","inLanguage":"de","@id":"https:\/\/www.doppelte-dhh.de\/wordpress\/#\/schema\/logo\/image\/","url":"https:\/\/www.doppelte-dhh.de\/wordpress\/wp-content\/uploads\/2023\/01\/Element-2.svg","contentUrl":"https:\/\/www.doppelte-dhh.de\/wordpress\/wp-content\/uploads\/2023\/01\/Element-2.svg","caption":"Doppelte Doppelhaush\u00e4lfte"},"image":{"@id":"https:\/\/www.doppelte-dhh.de\/wordpress\/#\/schema\/logo\/image\/"},"sameAs":["https:\/\/www.instagram.com\/doppeltedhh\/","https:\/\/www.facebook.com\/DoppelteDHH\/"]}]}},"coauthors":[],"author_meta":{"author_link":"https:\/\/www.doppelte-dhh.de\/wordpress\/author\/doppelteslottchen\/","display_name":"ddhh"},"relative_dates":{"created":"Posted 3\u00a0Jahren ago","modified":"Updated 3\u00a0Jahren ago"},"absolute_dates":{"created":"Posted on 1. Januar 2023","modified":"Updated on 23. Januar 2023"},"absolute_dates_time":{"created":"Posted on 1. Januar 2023 20:24","modified":"Updated on 23. Januar 2023 14:18"},"featured_img_caption":"","featured_img":false,"series_order":"","uagb_featured_image_src":{"full":false,"thumbnail":false,"medium":false,"medium_large":false,"large":false,"1536x1536":false,"2048x2048":false},"uagb_author_info":{"display_name":"ddhh","author_link":"https:\/\/www.doppelte-dhh.de\/wordpress\/author\/doppelteslottchen\/"},"uagb_comment_info":0,"uagb_excerpt":"Zu uns Das Unternehmen XYZ wurde 1971 gegr\u00fcndet und versorgt die \u00d6ffentlichkeit seither mit qualitativ hochwertigen Produkten. An seinem Standort in einer kleinen Gro\u00dfstadt besch\u00e4ftigt der Betrieb \u00fcber 2.000 Menschen und unterst\u00fctzt die Stadtbewohner in vielfacher Hinsicht. Als neuer WordPress-Benutzer solltest du dein Dashboard aufrufen, um diese Seite zu l\u00f6schen und neue Seiten und Beitr\u00e4ge&hellip;","_links":{"self":[{"href":"https:\/\/www.doppelte-dhh.de\/wordpress\/wp-json\/wp\/v2\/pages\/2","targetHints":{"allow":["GET"]}}],"collection":[{"href":"https:\/\/www.doppelte-dhh.de\/wordpress\/wp-json\/wp\/v2\/pages"}],"about":[{"href":"https:\/\/www.doppelte-dhh.de\/wordpress\/wp-json\/wp\/v2\/types\/page"}],"author":[{"embeddable":true,"href":"https:\/\/www.doppelte-dhh.de\/wordpress\/wp-json\/wp\/v2\/users\/1"}],"replies":[{"embeddable":true,"href":"https:\/\/www.doppelte-dhh.de\/wordpress\/wp-json\/wp\/v2\/comments?post=2"}],"version-history":[{"count":5,"href":"https:\/\/www.doppelte-dhh.de\/wordpress\/wp-json\/wp\/v2\/pages\/2\/revisions"}],"predecessor-version":[{"id":321,"href":"https:\/\/www.doppelte-dhh.de\/wordpress\/wp-json\/wp\/v2\/pages\/2\/revisions\/321"}],"wp:attachment":[{"href":"https:\/\/www.doppelte-dhh.de\/wordpress\/wp-json\/wp\/v2\/media?parent=2"}],"curies":[{"name":"wp","href":"https:\/\/api.w.org\/{rel}","templated":true}]}}